{"id":821,"date":"2024-04-22T15:12:33","date_gmt":"2024-04-22T18:12:33","guid":{"rendered":"https:\/\/romenos.com.br\/2024\/?page_id=821"},"modified":"2024-04-22T15:12:33","modified_gmt":"2024-04-22T18:12:33","slug":"links-uteis","status":"publish","type":"page","link":"https:\/\/romenos.com.br\/novo\/?page_id=821","title":{"rendered":"Links \u00fateis"},"content":{"rendered":"\n<h2 class=\"wp-block-heading\">LINKS \u00daTEIS<\/h2>\n\n\n\n<figure class=\"wp-block-image\"><a href=\"http:\/\/www.romania.travel\/\"><img decoding=\"async\" src=\"https:\/\/consuladohonorarioromenia.com.br\/wp-content\/uploads\/2019\/05\/logo-viagem.png\" alt=\"Turismo\"\/><\/a><\/figure>\n\n\n\n<h5 class=\"wp-block-heading\"><a href=\"http:\/\/www.romania.travel\/\">TURISMO<\/a><\/h5>\n\n\n\n<figure class=\"wp-block-image\"><a href=\"http:\/\/investromania.gov.ro\/web\/\"><img decoding=\"async\" src=\"https:\/\/consuladohonorarioromenia.com.br\/wp-content\/uploads\/2019\/06\/investromania.png\" alt=\"Invista na Rom\u00eania\"\/><\/a><\/figure>\n\n\n\n<h5 class=\"wp-block-heading\"><a href=\"http:\/\/investromania.gov.ro\/web\/\">INVISTA NA ROM\u00caNIA<\/a><\/h5>\n\n\n\n<figure class=\"wp-block-image\"><a href=\"http:\/\/brasilia.mae.ro\/pt\"><img decoding=\"async\" src=\"https:\/\/consuladohonorarioromenia.com.br\/wp-content\/uploads\/2019\/06\/logo-embaixada.png\" alt=\"Embaixada em Bras\u00edlia\"\/><\/a><\/figure>\n\n\n\n<h5 class=\"wp-block-heading\"><a href=\"http:\/\/brasilia.mae.ro\/pt\">EMBAIXADA EM BRAS\u00cdLIA<\/a><\/h5>\n\n\n\n<figure class=\"wp-block-image\"><a href=\"https:\/\/www.mae.ro\/\"><img decoding=\"async\" src=\"https:\/\/consuladohonorarioromenia.com.br\/wp-content\/uploads\/2019\/06\/Sigla_guvernului_Rom%C3%A2niei_versiunea_2016_cu_coroan%C4%83-1.png\" alt=\"Governo Romeno\"\/><\/a><\/figure>\n\n\n\n<h5 class=\"wp-block-heading\"><a href=\"https:\/\/www.mae.ro\/\">GOVERNO ROMENO<\/a><\/h5>\n\n\n\n<figure class=\"wp-block-image\"><a href=\"http:\/\/cetatenie.just.ro\/\"><img decoding=\"async\" src=\"https:\/\/consuladohonorarioromenia.com.br\/wp-content\/uploads\/2019\/06\/Autoridade-Cidadania-1.jpg\" alt=\"\"\/><\/a><\/figure>\n\n\n\n<h5 class=\"wp-block-heading\"><a href=\"http:\/\/cetatenie.just.ro\/\">AUTORIDADE CIDADANIA<\/a><\/h5>\n","protected":false},"excerpt":{"rendered":"<p>LINKS \u00daTEIS TURISMO INVISTA NA ROM\u00caNIA EMBAIXADA EM BRAS\u00cdLIA GOVERNO ROMENO AUTORIDADE CIDADANIA<\/p>\n","protected":false},"author":1,"featured_media":0,"parent":0,"menu_order":0,"comment_status":"closed","ping_status":"closed","template":"","meta":{"ngg_post_thumbnail":0,"footnotes":""},"class_list":["post-821","page","type-page","status-publish","hentry"],"_links":{"self":[{"href":"https:\/\/romenos.com.br\/novo\/index.php?rest_route=\/wp\/v2\/pages\/821","targetHints":{"allow":["GET"]}}],"collection":[{"href":"https:\/\/romenos.com.br\/novo\/index.php?rest_route=\/wp\/v2\/pages"}],"about":[{"href":"https:\/\/romenos.com.br\/novo\/index.php?rest_route=\/wp\/v2\/types\/page"}],"author":[{"embeddable":true,"href":"https:\/\/romenos.com.br\/novo\/index.php?rest_route=\/wp\/v2\/users\/1"}],"replies":[{"embeddable":true,"href":"https:\/\/romenos.com.br\/novo\/index.php?rest_route=%2Fwp%2Fv2%2Fcomments&post=821"}],"version-history":[{"count":1,"href":"https:\/\/romenos.com.br\/novo\/index.php?rest_route=\/wp\/v2\/pages\/821\/revisions"}],"predecessor-version":[{"id":822,"href":"https:\/\/romenos.com.br\/novo\/index.php?rest_route=\/wp\/v2\/pages\/821\/revisions\/822"}],"wp:attachment":[{"href":"https:\/\/romenos.com.br\/novo\/index.php?rest_route=%2Fwp%2Fv2%2Fmedia&parent=821"}],"curies":[{"name":"wp","href":"https:\/\/api.w.org\/{rel}","templated":true}]}}