{"id":818,"date":"2024-04-22T15:08:44","date_gmt":"2024-04-22T18:08:44","guid":{"rendered":"https:\/\/romenos.com.br\/2024\/?page_id=818"},"modified":"2024-05-06T18:27:07","modified_gmt":"2024-05-06T21:27:07","slug":"contato","status":"publish","type":"page","link":"https:\/\/romenos.com.br\/novo\/?page_id=818","title":{"rendered":"Contato"},"content":{"rendered":"\n<p>Entre em contato com a Associa\u00e7\u00e3o dos Romenos Bessarabianos atrav\u00e9s do e-mail <a href=\"mailto:romenos@romenos.com.br\">romenos@romenos.com.br<\/a><\/p>\n","protected":false},"excerpt":{"rendered":"<p>Entre em contato com a Associa\u00e7\u00e3o dos Romenos Bessarabianos atrav\u00e9s do e-mail romenos@romenos.com.br<\/p>\n","protected":false},"author":1,"featured_media":0,"parent":0,"menu_order":0,"comment_status":"closed","ping_status":"closed","template":"","meta":{"ngg_post_thumbnail":0,"footnotes":""},"class_list":["post-818","page","type-page","status-publish","hentry"],"_links":{"self":[{"href":"https:\/\/romenos.com.br\/novo\/index.php?rest_route=\/wp\/v2\/pages\/818","targetHints":{"allow":["GET"]}}],"collection":[{"href":"https:\/\/romenos.com.br\/novo\/index.php?rest_route=\/wp\/v2\/pages"}],"about":[{"href":"https:\/\/romenos.com.br\/novo\/index.php?rest_route=\/wp\/v2\/types\/page"}],"author":[{"embeddable":true,"href":"https:\/\/romenos.com.br\/novo\/index.php?rest_route=\/wp\/v2\/users\/1"}],"replies":[{"embeddable":true,"href":"https:\/\/romenos.com.br\/novo\/index.php?rest_route=%2Fwp%2Fv2%2Fcomments&post=818"}],"version-history":[{"count":3,"href":"https:\/\/romenos.com.br\/novo\/index.php?rest_route=\/wp\/v2\/pages\/818\/revisions"}],"predecessor-version":[{"id":852,"href":"https:\/\/romenos.com.br\/novo\/index.php?rest_route=\/wp\/v2\/pages\/818\/revisions\/852"}],"wp:attachment":[{"href":"https:\/\/romenos.com.br\/novo\/index.php?rest_route=%2Fwp%2Fv2%2Fmedia&parent=818"}],"curies":[{"name":"wp","href":"https:\/\/api.w.org\/{rel}","templated":true}]}}