{"id":2008,"date":"2026-04-10T08:16:00","date_gmt":"2026-04-10T11:16:00","guid":{"rendered":"https:\/\/romenos.com.br\/novo\/?page_id=2008"},"modified":"2026-04-10T09:13:25","modified_gmt":"2026-04-10T12:13:25","slug":"diretorias","status":"publish","type":"page","link":"https:\/\/romenos.com.br\/novo\/?page_id=2008","title":{"rendered":"Diretorias da Associa\u00e7\u00e3o"},"content":{"rendered":"\n<p><strong>Gest\u00e3o 2025\/2027<\/strong><\/p>\n\n\n\n<figure class=\"wp-block-image size-large\"><img loading=\"lazy\" decoding=\"async\" width=\"1024\" height=\"1024\" src=\"http:\/\/romenos.com.br\/novo\/wp-content\/uploads\/2025\/11\/Reuniao-na-sede-dos-Romenos-1024x1024.jpg\" alt=\"\" class=\"wp-image-1908\" srcset=\"https:\/\/romenos.com.br\/novo\/wp-content\/uploads\/2025\/11\/Reuniao-na-sede-dos-Romenos-1024x1024.jpg 1024w, https:\/\/romenos.com.br\/novo\/wp-content\/uploads\/2025\/11\/Reuniao-na-sede-dos-Romenos-300x300.jpg 300w, https:\/\/romenos.com.br\/novo\/wp-content\/uploads\/2025\/11\/Reuniao-na-sede-dos-Romenos-150x150.jpg 150w, https:\/\/romenos.com.br\/novo\/wp-content\/uploads\/2025\/11\/Reuniao-na-sede-dos-Romenos-768x768.jpg 768w, https:\/\/romenos.com.br\/novo\/wp-content\/uploads\/2025\/11\/Reuniao-na-sede-dos-Romenos.jpg 1080w\" sizes=\"auto, (max-width: 1024px) 100vw, 1024px\" \/><\/figure>\n\n\n\n<p>Presidente: Alexandre Ruscheinsky<br>Vice: Jackes Zundel<br>Secret\u00e1rio: Everton Dreher<br>Vice: Jorge Schroeder<br>Tesoureiro: Deise Soehn<br>Vice: Laura Knapp<br>Diretor Cultural: Adriano Soehn<br>Comunica\u00e7\u00e3o Social: Sadi Reckziegel<br>Comiss\u00e3o de Projetos: Jo\u00e3o Welter<br>Conselho Fiscal: Adriano Ruscheinsky, Ingrid Dauernheimer Rieth e Gertrudes Lehrbach<br>Suplentes: Marino Hager, Daniela Zundel e Jo\u00e3o Wilske<br><br><strong>Gest\u00e3o 2023\/2025<\/strong><\/p>\n\n\n\n<figure class=\"wp-block-image size-large\"><img loading=\"lazy\" decoding=\"async\" width=\"1024\" height=\"598\" src=\"http:\/\/romenos.com.br\/novo\/wp-content\/uploads\/2026\/04\/475917681_615992217851026_7613114833025896794_n-e1775822662934-1024x598.jpg\" alt=\"\" class=\"wp-image-2010\" srcset=\"https:\/\/romenos.com.br\/novo\/wp-content\/uploads\/2026\/04\/475917681_615992217851026_7613114833025896794_n-e1775822662934-1024x598.jpg 1024w, https:\/\/romenos.com.br\/novo\/wp-content\/uploads\/2026\/04\/475917681_615992217851026_7613114833025896794_n-e1775822662934-300x175.jpg 300w, https:\/\/romenos.com.br\/novo\/wp-content\/uploads\/2026\/04\/475917681_615992217851026_7613114833025896794_n-e1775822662934-768x449.jpg 768w, https:\/\/romenos.com.br\/novo\/wp-content\/uploads\/2026\/04\/475917681_615992217851026_7613114833025896794_n-e1775822662934-1536x898.jpg 1536w, https:\/\/romenos.com.br\/novo\/wp-content\/uploads\/2026\/04\/475917681_615992217851026_7613114833025896794_n-e1775822662934.jpg 1540w\" sizes=\"auto, (max-width: 1024px) 100vw, 1024px\" \/><\/figure>\n\n\n\n<p>Presidente: Alexandre Ruscheinsky<br>Vice Presidente: Marino Hagger<br>Tesoureiro: Deise Soehn<br>Vice: Jorge Schroeder<br>Secretaria: Bernadete Schnorrenberger<br>Vice: Carlete Thome<br>Comunica\u00e7\u00e3o social: Sadi Reckziegel<br>Diretor cultural: Jackes Zundel<br>Comiss\u00e3o de projetos: Adriano Soehn, Jo\u00e3o Welter e \u00c9verton Dreher<br>Conselho fiscal: Adriano Ruscheinsky, Daniela Zundel e Patr\u00edcia Soehn<br>Suplentes do conselho: Douglas Franzen, Canisio Muller e  Jo\u00e3o Wilske<\/p>\n\n\n\n<p><strong>Gest\u00e3o 2021\/2023<\/strong><\/p>\n\n\n\n<p>Adriano Soehn \u2013 Presidente<br>Jackes Leandro Zundel &#8211; Vice-presidente; <br>Jaime Andr\u00e9 Klein -Secret\u00e1rio; <br>Carlete Maria Thom\u00e9 &#8211; Vice-secret\u00e1ria; <br>Alexandre Engel Ruscheinsky \u2013 Tesoureiro; <br>Deise Soehn &#8211; Vice-tesoureira; <br>Conselho fiscal (efetivos) &#8211; Jo\u00e3o Pedro Welter, \u00c9verton Cristiano Dreher e Jorge Schroeder; <br>(suplentes) Fel\u00edcia Muller Theisen, Adriano Engel Ruscheinsky e Canisio Muller. <br>Diretor de comunica\u00e7\u00e3o social &#8211; Sadi Jos\u00e9 Reckziegel<br>Diretor cultural &#8211; Douglas Orestes Franzen. <br>Comiss\u00e3o de projetos: Jo\u00e3o Pedro Welter, \u00c9verton Cristiano Dreher, e Canisio Muller.<\/p>\n\n\n\n<p><strong>Gest\u00e3o 2019\/2021<\/strong><\/p>\n\n\n\n<figure class=\"wp-block-image size-full\"><img loading=\"lazy\" decoding=\"async\" width=\"1000\" height=\"570\" src=\"http:\/\/romenos.com.br\/novo\/wp-content\/uploads\/2026\/04\/47251027_2008196782548706_6287202801260953600_n-e1775822707684.jpg\" alt=\"\" class=\"wp-image-2009\" srcset=\"https:\/\/romenos.com.br\/novo\/wp-content\/uploads\/2026\/04\/47251027_2008196782548706_6287202801260953600_n-e1775822707684.jpg 1000w, https:\/\/romenos.com.br\/novo\/wp-content\/uploads\/2026\/04\/47251027_2008196782548706_6287202801260953600_n-e1775822707684-300x171.jpg 300w, https:\/\/romenos.com.br\/novo\/wp-content\/uploads\/2026\/04\/47251027_2008196782548706_6287202801260953600_n-e1775822707684-768x438.jpg 768w\" sizes=\"auto, (max-width: 1000px) 100vw, 1000px\" \/><\/figure>\n\n\n\n<p><strong>Gest\u00e3o 2016\/2018<\/strong><\/p>\n\n\n\n<p>Presidente: Caninio Muller<br>Vice-presidente: Jo\u00e3o Pedro Welter<br>Secret\u00e1ria: Carlete Maria Thom\u00e9<br>Vice-secret\u00e1ria: Fel\u00edcia Muller Theisen<br>Tesoureiro: Alexandre Engel Ruscheinsky<br>Vice-tesoureiro: Anderson Barden<br>Conselho fiscal: Wily Dreher, Marino Muller e Adriano Engel Ruscheinsky<br>Suplentes: Tarcisio Kunz, Jorge Schroeder e Cecilia Schaefer Weber<br>Diretora cultural: Joana Reichert<br>Diretor social: Jackes Leandro Zundel<br>Comiss\u00e3o de projetos: Sadi Jose Reckziegel, Everton Cristiano Dreher, Douglas Orestes Franzen, Maciel Welter e Fabiane Dreher Bruxel<\/p>\n\n\n\n<p><strong>Gest\u00e3o 2014\/2016<\/strong><\/p>\n\n\n\n<p>Presidente: Everton Cristiano Dreher<br>Vice-Presidente: Douglas Orestes Franzen<br>Secret\u00e1ria: Larissa Back<br>Vice-Secret\u0103rio: Alexandre Engel Ruscheinsky<br>Tesourciro: Tolo Pedro Welter<br>Vice-Tesoureiro: Roque Ant\u00f4nio Welter<br>Conselho Fiscal: Albano Aloysio Bicger, Tarcisio Kunz e Canisio Muller<br>Suplentes: Wily Dreher, Sergio Luis Theisen e Almiro Bl\u00e1sio Back<br>Diretorores de Comunica\u00e7\u00e3o: Sadi Jos\u00e9 Bieger e Egon Becker<\/p>\n\n\n\n<p><strong>Gest\u00e3o 2012\/2014<\/strong><\/p>\n\n\n\n<p>Presidente: Everton Cristiano Dreher<br>Vice-Presidente: Douglas Orestes Franzen<br>Secret\u00e1rio: Almiro Bl\u00e1sio Back<br>Vice Secret\u00e2ria: Florentina Muller Gruhlke<br>Tesoureiro: Jo\u00e3o Pedro Welter<br>Vice-Tesoureiro: Roque Ant\u00f4nio Welter<br>Conselho Fiscal: Albano Aloisio Bieger. Sergio Luiz Theisen e Tarcisio K unz<br>Suplentes: Marlise In\u00eas Heck Herchaft, Gerte Maria Bieger Lawisch e Cantsio Muller<br>Diretores de Comunicacio: Sadi Jos\u00e9 Bicger, Egon Becker e Rafael Stuelp<\/p>\n\n\n\n<p><strong>Gest\u00e3o 2010\/2012<\/strong><\/p>\n\n\n\n<p>Presidente: Roque Welter<br>Vice-Presidente: Milton Simon<br>Secret\u00e1rio: Almiro Bl\u00e1sio Back<br>Vice-Secret\u00e1ria: Ars\u00eanio Muller<br>Tesoureiro: Jo\u00e3o Pedro Welter<br>Vice-Tesoureiro: Canisio Becker<br>Conselho Fiscal: Albano Aloysio Bieger, Afonso Ruscheinsky e Sergio Theisen<br>Suplentes: Jackes Leandro Zundel, Marino Muller e Lourdes Pauli\/Wily Dreher<br>Diretores de Comunica\u00e7\u00e3o Social: Sadi Jose Reckziegel, Egon Becker e Rafael Stuelp<\/p>\n\n\n\n<p><strong>Gest\u00e3o 2009<\/strong><\/p>\n\n\n\n<p>Presidente: Jo\u00e3o Pedro Welter<br>Vice-Presidente: Aurio Vendelino Weller<br>Secret\u00e1rio: Ars\u00eanio Muller<br>Vice-Secret\u00e1ria: Bemadete Muller Schnorrenberger<br>Tesoureiro: Canisio Becker<br>Vice-Tesoureiro: Francisco Wagner<br>Conselho Fiscal &#8211; Efetivos: Marino Muller, Claudio Roque Erhart e Jos\u00e9 Wuitschik<br>Conselho Fiscal &#8211; Suplentes: Selvino Wagner, Dolores R. Wuitschik e Jos\u00e9 Becker<br>Diretores de Comunica\u00e7\u00e3o Social: Sadi Jose Reckziegel, Egon Becker<br>Diretores Culturais: Vitus Schnorrenberger e Aureo Vendelino Welter<br>Representa\u00e7\u00f5es junto ao C\u00f4nsul Geral da Rom\u00eania: Canisio Muller, Edson Roberto Dreher e Florentina Muller Gruhlke<\/p>\n\n\n\n<p><strong>Gest\u00e3o 2008<\/strong><\/p>\n\n\n\n<p>Presidente: Jo\u00e3o Pedro Welter<br>Vice-Presidente: Aurio Vendelino Weller<br>Secret\u00e1rio: Ars\u00eanio Muller<br>Vice-Secret\u00e1ria: Bemadete Muller Schnorrenberger<br>Tesoureiro: Canisio Becker<br>Vice-Tesoureiro: Francisco Wagner<br>Conselho Fiscal &#8211; Efetivos: Marino Muller, Claudio Roque Erhart e Jos\u00e9 Wuitschik<br>Conselho Fiscal &#8211; Suplentes: Selvino Wagner, Dolores R. Wuitschik e Jos\u00e9 Becker<\/p>\n\n\n\n<p><strong>Gest\u00e3o 2004\/2008<\/strong><\/p>\n\n\n\n<p>Presidente: Jo\u00e3o Pedro Welter<br>Vice-Presidente: Aurio Vendelino Weller<br>Secret\u00e1rio: Ars\u00eanio Muller<br>Vice-Secret\u00e1ria: Bemadete Muller Schnorrenberger<br>Tesoureiro: Canisio Becker<br>Vice-Tesoureiro: Francisco Wagner<br>Conselho Fiscal &#8211; Efetivos: Marino Muller, Claudio Roque Erhart e Jos\u00e9 Wuitschik<br>Conselho Fiscal &#8211; Suplentes: Selvino Wagner, Dolores R. Wuitschik e Jos\u00e9 Becker<\/p>\n\n\n\n<p><strong>Gest\u00e3o 2002\/2004<\/strong><\/p>\n\n\n\n<p>Presidente: Jose Wuitschik<br>Vice-Presidente: Tarcisio Wagner<br>Secret\u00e1ria: Dolores Reichert Wuitschik<br>Vice-Secret\u00e1ria: Marlise Herchaft<br>Tesoureiro: Jo\u00e3o Pedro Welter<br>Vice-Tesoureiro: Selvino Warner<br>Conselho Fiscal &#8211; Efetivos: Marino Muller, Canisio Becker e Claudio Erhart<br>Conselho Fiscal &#8211; Suplentes: Joseph Soehn, Arsenio Muller e Vitus Schnorrenberger<\/p>\n\n\n\n<p><strong>Gest\u00e3o 2000\/2002<\/strong><\/p>\n\n\n\n<p>Presidente: Marino Muller<br>Vice-Presidente: Milton Simon<br>Secret\u00e1rio: Ars\u00eanio Muller<br>Vice-Secret\u00e1rio: Bernardo Herschaft<br>Tesoureira; Jo\u00e3o Pedro Welter<br>Vice-Tesoureiro: Francisco Wagner<br>Conselho Fiscal &#8211; Efetivos: Silvino Wagner, Madalena Tirck c Tarcisio KIetr<br>Conselho Fiscal &#8211; Suplentes: Aluisio Eich, Claudio Erhardt e Aloisio Becker<br>Diretor Social e Comunica\u00e7\u00e3o: 1gon Becker<br>Diretor Cultural: Berardo Herschaft<\/p>\n\n\n\n<p><strong>Gest\u00e3o 1996\/2000<\/strong><\/p>\n\n\n\n<p>Presidente: Nicodemus Muller<br>Vice-Presidente: Tarcisio Sochn<br>Secret\u00e1rio: Roque Ant\u00f4nio Welter<br>Vice-Seeret\u00e1rio: Almiro Bl\u00e1sio Back<br>Tesoureiro: Jo\u00e3o Pedro Welter<br>Vice-Tesoureiro: In\u00e1cio Muller<br>Conselho Fiscal &#8211; Efetivos: Francisco Grings, Valdomiro Korbes e Selvino Wagner<br>Conselho Fiscal &#8211; Suplentes: Augustinho Becker, Jos\u00e9 Soehn e Aloisio Eich<br>Diretor Social: Egon Becker <br>Diretor Cultural: Bemardo Erchaft <br>Detartamento Esportivo: Arcenio Muller <\/p>\n\n\n\n<p><strong>Gest\u00e3o 1993\/1996<\/strong> <\/p>\n\n\n\n<p>Presidente: Nicodemus Muller<br>Vice-Presidente: Tarcisio Soehn<br>Secret\u00e9rio: Almiro Bl\u00e1sio Back <br>Vice-Secret\u00e1rio: Roque Ant\u00f4nio Welter <br>Tesoureiro: Jo\u00e3o Pedro Welter <br>Vice-Tesoureiro: In\u00e1cio Muller <br>Conselho Fiscal &#8211; Efetivos: Francisco Grings, Valdomiro Korbes e Antoninho Soehn<br>Conselho Fiscal- Suplentes: Sergio Fank, Servino Wagner e Augustinho Becker<br>Diretor Social: Egon Becker <br>Diretor Cultural: Bernardo Herchaft <br>Departamento Esportivo: Arc\u00eanio Muller <\/p>\n\n\n\n<p><strong>Gest\u00e3o 1992 <\/strong><\/p>\n\n\n\n<p>Presidente: Nicodemus Muller <br>Secret\u00e1rio: Almiro Bl\u00e1sio Back <br>Tesoureiro: Jo\u00e3o Pedro Welter <br>Auxiliares: Adelina Wagner e In\u00e1cio Muller<\/p>\n\n\n\n<p><strong>Gest\u00e3o 1991<\/strong><\/p>\n\n\n\n<p>Presidente: Nicodemus Muller<br>Secret\u00e1rio: Almiro Bl\u00e1sio Back <br>Tesoureiro: Jo\u00e3o Pedro Welter <br>Auxiliares: Adelina Wagner, In\u00e1cio Muller e Ida Welter<\/p>\n\n\n\n<p><strong>Gest\u00e3o 1989\/1991<\/strong><\/p>\n\n\n\n<p>Presidente: Nicodemus Muller<br>Secret\u00e1rio: Almiro Bl\u00e1sio Back <br>Tesoureiro: Jo\u00e3o Pedro Welter <br>Auxiliares: Adelina Wagner, In\u00e1cio Muller e Ida Welter<\/p>\n\n\n\n<p>Comiss\u00e3o organizadora dos encontros: Jo\u00e3o Pedro Welter, Nicodemus Muller, Adelina Wagner, Ida Welter e Bernardo Herchaft<\/p>\n\n\n\n<p><strong>Funda\u00e7\u00e3o da Associa\u00e7\u00e3o 03\/12\/1989<\/strong><\/p>\n\n\n\n<figure class=\"wp-block-image size-large\"><img loading=\"lazy\" decoding=\"async\" width=\"662\" height=\"1024\" src=\"https:\/\/romenos.com.br\/novo\/wp-content\/uploads\/2026\/04\/WhatsApp-Image-2026-04-08-at-15.54.08-1-662x1024.jpeg\" alt=\"\" class=\"wp-image-2015\" srcset=\"https:\/\/romenos.com.br\/novo\/wp-content\/uploads\/2026\/04\/WhatsApp-Image-2026-04-08-at-15.54.08-1-662x1024.jpeg 662w, https:\/\/romenos.com.br\/novo\/wp-content\/uploads\/2026\/04\/WhatsApp-Image-2026-04-08-at-15.54.08-1-194x300.jpeg 194w, https:\/\/romenos.com.br\/novo\/wp-content\/uploads\/2026\/04\/WhatsApp-Image-2026-04-08-at-15.54.08-1-768x1188.jpeg 768w, https:\/\/romenos.com.br\/novo\/wp-content\/uploads\/2026\/04\/WhatsApp-Image-2026-04-08-at-15.54.08-1.jpeg 830w\" sizes=\"auto, (max-width: 662px) 100vw, 662px\" \/><\/figure>\n","protected":false},"excerpt":{"rendered":"<p>Gest\u00e3o 2025\/2027 Presidente: Alexandre RuscheinskyVice: Jackes ZundelSecret\u00e1rio: Everton DreherVice: Jorge SchroederTesoureiro: Deise SoehnVice: Laura KnappDiretor Cultural: Adriano SoehnComunica\u00e7\u00e3o Social: Sadi ReckziegelComiss\u00e3o de Projetos: Jo\u00e3o WelterConselho Fiscal: Adriano Ruscheinsky, Ingrid Dauernheimer Rieth e Gertrudes LehrbachSuplentes: Marino Hager, Daniela Zundel e Jo\u00e3o [&hellip;]<\/p>\n","protected":false},"author":1,"featured_media":0,"parent":0,"menu_order":0,"comment_status":"closed","ping_status":"closed","template":"","meta":{"ngg_post_thumbnail":0,"footnotes":""},"class_list":["post-2008","page","type-page","status-publish","hentry"],"_links":{"self":[{"href":"https:\/\/romenos.com.br\/novo\/index.php?rest_route=\/wp\/v2\/pages\/2008","targetHints":{"allow":["GET"]}}],"collection":[{"href":"https:\/\/romenos.com.br\/novo\/index.php?rest_route=\/wp\/v2\/pages"}],"about":[{"href":"https:\/\/romenos.com.br\/novo\/index.php?rest_route=\/wp\/v2\/types\/page"}],"author":[{"embeddable":true,"href":"https:\/\/romenos.com.br\/novo\/index.php?rest_route=\/wp\/v2\/users\/1"}],"replies":[{"embeddable":true,"href":"https:\/\/romenos.com.br\/novo\/index.php?rest_route=%2Fwp%2Fv2%2Fcomments&post=2008"}],"version-history":[{"count":8,"href":"https:\/\/romenos.com.br\/novo\/index.php?rest_route=\/wp\/v2\/pages\/2008\/revisions"}],"predecessor-version":[{"id":2021,"href":"https:\/\/romenos.com.br\/novo\/index.php?rest_route=\/wp\/v2\/pages\/2008\/revisions\/2021"}],"wp:attachment":[{"href":"https:\/\/romenos.com.br\/novo\/index.php?rest_route=%2Fwp%2Fv2%2Fmedia&parent=2008"}],"curies":[{"name":"wp","href":"https:\/\/api.w.org\/{rel}","templated":true}]}}